{"id":9,"date":"2026-02-10T14:56:24","date_gmt":"2026-02-10T13:56:24","guid":{"rendered":"http:\/\/katarzynastudzianek.pl\/?page_id=9"},"modified":"2026-02-11T10:14:03","modified_gmt":"2026-02-11T09:14:03","slug":"home","status":"publish","type":"page","link":"https:\/\/katarzynastudzianek.pl\/","title":{"rendered":"Home"},"content":{"rendered":"<div class=\"et_pb_section_0 et_pb_section et_section_regular et_flex_section\">\n<div class=\"et_pb_row_0 et_pb_row et_flex_row\">\n<div class=\"et_pb_column_0 et_pb_column et_flex_column et_pb_column_empty et_pb_css_mix_blend_mode_passthrough et_flex_column_8_24 et_flex_column_8_24_tablet et_flex_column_24_24_phone\"><\/div>\n\n<div class=\"et_pb_column_1 et_pb_column et_flex_column et_pb_css_mix_blend_mode_passthrough et_flex_column_8_24 et_flex_column_8_24_tablet et_flex_column_24_24_phone\">\n<div class=\"et_pb_image_0 et_pb_image et_pb_module et_flex_module\"><span class=\"et_pb_image_wrap\"><img loading=\"lazy\" decoding=\"async\" src=\"https:\/\/katarzynastudzianek.pl\/wp-content\/uploads\/2026\/02\/logo32a.png\" title=\"logo32a\" width=\"640\" height=\"640\" srcset=\"https:\/\/katarzynastudzianek.pl\/wp-content\/uploads\/2026\/02\/logo32a.png 640w, https:\/\/katarzynastudzianek.pl\/wp-content\/uploads\/2026\/02\/logo32a-480x480.png 480w\" sizes=\"(min-width: 0px) and (max-width: 480px) 480px, (min-width: 481px) 640px, 100vw\" class=\"wp-image-46\" \/><\/span><\/div>\n<\/div>\n\n<div class=\"et_pb_column_2 et_pb_column et-last-child et_flex_column et_pb_css_mix_blend_mode_passthrough et_flex_column_8_24 et_flex_column_8_24_tablet et_flex_column_24_24_phone\">\n<div class=\"et_pb_menu_0 et_pb_menu et_pb_menu--without-logo et_pb_menu--style-left_aligned et_dropdown_animation_fade et_pb_bg_layout_light et_pb_text_align_right et_pb_text_align_right-tablet et_pb_text_align_right-phone et_pb_module et_flex_module et_flex_column_24_24 et_flex_column_24_24_tablet et_flex_column_24_24_phone preset--module--divi-menu--default\"><div class=\"et_pb_menu_inner_container et_flex_module\"><div class=\"et_pb_menu__wrap\"><div class=\"et_pb_menu__menu\"><nav class=\"et-menu-nav\"><ul id=\"menu-menu-glowne-wprowadzenia\" class=\"et-menu nav downwards\"><li id=\"menu-item-65\" class=\"et_pb_menu_page_id-65 menu-item menu-item-type-custom menu-item-object-custom menu-item-65\"><a href=\"#onas\">O nas<\/a><\/li>\n<li id=\"menu-item-66\" class=\"et_pb_menu_page_id-66 menu-item menu-item-type-custom menu-item-object-custom menu-item-66\"><a href=\"#uslugi\">Us\u0142ugi<\/a><\/li>\n<li id=\"menu-item-67\" class=\"et_pb_menu_page_id-67 menu-item menu-item-type-custom menu-item-object-custom menu-item-67\"><a href=\"#kontakt\">Kontakt<\/a><\/li>\n<\/ul><\/nav><\/div><button class=\"et_pb_menu__icon et_pb_menu__search-button\" type=\"button\"><\/button><div class=\"et_mobile_nav_menu\"><div class=\"mobile_nav closed\"><span class=\"mobile_menu_bar\"><\/span><\/div><\/div><\/div><div class=\"et_pb_menu__search-container et_pb_menu__search-container--disabled\"><div class=\"et_pb_menu__search\"><form role=\"search\" method=\"get\" class=\"et_pb_menu__search-form\" action=\"https:\/\/katarzynastudzianek.pl\/\"><input type=\"search\" name=\"s\" class=\"et_pb_menu__search-input\" placeholder=\"Szukaj \u2026\" title=\"Szukaj:\" \/><\/form><button type=\"button\" class=\"et_pb_menu__icon et_pb_menu__close-search-button\"><\/button><\/div><\/div><\/div><\/div>\n<\/div>\n<\/div>\n<\/div>\n\n<div class=\"et_pb_section_1 et_pb_section et_section_regular et_block_section preset--module--divi-section--742dc6f7-6d83-4af1-a7e8-cc257766ae9f\">\n<div class=\"et_pb_row_1 et_pb_row et_block_row preset--module--divi-row--245807be-d16f-4d81-8320-9404df64d23e\">\n<div class=\"et_pb_column_3 et_pb_column et_pb_column_4_4 et-last-child et_block_column et_pb_css_mix_blend_mode_passthrough\">\n<div class=\"et_pb_heading_0 et_pb_heading et_pb_module et_block_module preset--module--divi-heading--91ac07d1-4061-4395-97c3-ef29c5a32232\"><div class=\"et_pb_heading_container\"><h1 class=\"et_pb_module_header\">Twoja bezpieczna przysz\u0142o\u015b\u0107<\/h1><\/div><\/div>\n\n<div class=\"et_pb_text_0 et_pb_text et_pb_bg_layout_light et_pb_module et_block_module preset--module--divi-text--b4b890a9-ac55-4843-a566-b9229a773118\"><div class=\"et_pb_text_inner\"><p><span><\/span><\/p>\n<p><span>Eksperckie doradztwo rentowo-emerytalne oraz pe\u0142ne wsparcie prawne<\/span><\/p>\n<p><span>dla klient\u00f3w indywidualnych i biznesowych.<\/span><\/p>\n<p><span><\/span><\/p>\n<p><span><\/span><\/p>\n<\/div><\/div>\n\n<div class=\"et_pb_module et_pb_button_module_wrapper et_pb_button_0_wrapper preset--module--divi-button--d45a901b-6332-43c5-ba1e-f6016431741d_wrapper\"><a class=\"et_pb_button_0 et_pb_button et_pb_bg_layout_light et_pb_module et_flex_module preset--module--divi-button--d45a901b-6332-43c5-ba1e-f6016431741d\" href=\"#kontakt\">Um\u00f3w bezp\u0142atn\u0105 konsultacj\u0119<\/a><\/div>\n<\/div>\n<\/div>\n<\/div>\n\n<div class=\"et_pb_section_2 et_pb_section et_section_regular et_block_section\" id=\"features\">\n<div class=\"et_pb_row_2 et_pb_row et_block_row\" id=\"onas\">\n<div class=\"et_pb_column_4 et_pb_column et_pb_column_1_2 et_block_column et_pb_css_mix_blend_mode_passthrough\">\n<div class=\"et_pb_heading_1 et_pb_heading et_pb_module et_block_module preset--module--divi-heading--f917eebf-914a-4a91-9434-c19454b5d92a\"><div class=\"et_pb_heading_container\"><h1 class=\"et_pb_module_header\">O nas<\/h1><\/div><\/div>\n\n<div class=\"et_pb_text_1 et_pb_text et_pb_bg_layout_light et_pb_module et_block_module preset--module--divi-text--default\"><div class=\"et_pb_text_inner\"><p>Jeste\u015bmy do\u015bwiadczonym zespo\u0142em specjalist\u00f3w w dziedzinie doradztwa emerytalnego i prawnego. Naszym celem jest zapewnienie kompleksowego wsparcia i spokoju ducha naszym klientom, pomagaj\u0105c im nawigowa\u0107 po skomplikowanych przepisach ZUS, KRUS oraz prawie pracy.<\/p>\n<p>Dzia\u0142amy na rynku od lat, stale aktualizuj\u0105c nasz\u0105 wiedz\u0119, by oferowa\u0107 us\u0142ugi na najwy\u017cszym poziomie i realnie pomaga\u0107 w rozwi\u0105zywaniu nawet najbardziej skomplikowanych spraw.<\/p>\n<\/div><\/div>\n\n<div class=\"et_pb_module et_pb_button_module_wrapper et_pb_button_1_wrapper preset--module--divi-button--f173470d-28b3-4d03-985e-7ec25fd379d9_wrapper\"><a class=\"et_pb_button_1 et_pb_button et_pb_bg_layout_light et_pb_module et_block_module preset--module--divi-button--f173470d-28b3-4d03-985e-7ec25fd379d9\" href=\"#uslugi\">Us\u0142ugi<\/a><\/div>\n<\/div>\n\n<div class=\"et_pb_column_5 et_pb_column et_pb_column_1_2 et-last-child et_block_column et_pb_css_mix_blend_mode_passthrough\">\n<div class=\"et_pb_divider_0 et_pb_divider_hidden et_pb_space et_pb_divider_position_top et_pb_module preset--module--divi-divider--ec899410-7a95-4164-8107-99f12aa3abac\"><div class=\"et_pb_divider_internal\"><\/div><\/div>\n\n<div class=\"et_pb_image_1 et_pb_image et_pb_module et_block_module preset--module--divi-image--4b494c7c-7067-444c-a9f5-0700ff576938\"><span class=\"et_pb_image_wrap\"><img loading=\"lazy\" decoding=\"async\" src=\"https:\/\/katarzynastudzianek.pl\/wp-content\/uploads\/2026\/02\/7c32fa41.jpg\" title=\"7c32fa41\" width=\"864\" height=\"1184\" srcset=\"https:\/\/katarzynastudzianek.pl\/wp-content\/uploads\/2026\/02\/7c32fa41.jpg 864w, https:\/\/katarzynastudzianek.pl\/wp-content\/uploads\/2026\/02\/7c32fa41-480x658.jpg 480w\" sizes=\"(min-width: 0px) and (max-width: 480px) 480px, (min-width: 481px) 864px, 100vw\" class=\"wp-image-45\" \/><\/span><\/div>\n<\/div>\n<\/div>\n\n<div class=\"et_pb_row_3 et_pb_row et_pb_gutters2 et_block_row\" id=\"uslugi\">\n<div class=\"et_pb_column_6 et_pb_column et_pb_column_1_3 et_block_column et_pb_css_mix_blend_mode_passthrough\">\n<div class=\"et_pb_blurb_0 et_pb_blurb et_pb_bg_layout_light et_pb_blurb_position_top et_pb_module et_block_module preset--module--divi-blurb--default\"><div class=\"et_pb_blurb_content\"><div class=\"et_pb_main_blurb_image\"><span class=\"et_pb_image_wrap\"><span class=\"et-pb-icon et-waypoint et_pb_animation_top et_pb_animation_top_tablet et_pb_animation_top_phone\">\uf4d3<\/span><\/span><\/div><div class=\"et_pb_blurb_container\"><h4 class=\"et_pb_module_header\">Doradztwo Emerytalne<\/h4><div class=\"et_pb_blurb_description\"><p>&nbsp;<\/p>\n<p>Pomagamy w optymalizacji sk\u0142adek, wyliczaniu prognozowanej emerytury oraz przygotowaniu wniosk\u00f3w do ZUS i KRUS.<\/p>\n<ul>\n<li style=\"list-style-type: none;\">\n<ul>\n<li>Analiza kapita\u0142u pocz\u0105tkowego<\/li>\n<li>Emerytury pomostowe<\/li>\n<li>\u0141\u0105czenie okres\u00f3w zatrudnienia<\/li>\n<\/ul>\n<\/li>\n<\/ul>\n<\/div><\/div><\/div><\/div>\n<\/div>\n\n<div class=\"et_pb_column_7 et_pb_column et_pb_column_1_3 et_block_column et_pb_css_mix_blend_mode_passthrough\">\n<div class=\"et_pb_blurb_1 et_pb_blurb et_pb_bg_layout_light et_pb_blurb_position_top et_pb_module et_block_module preset--module--divi-blurb--default\"><div class=\"et_pb_blurb_content\"><div class=\"et_pb_main_blurb_image\"><span class=\"et_pb_image_wrap\"><span class=\"et-pb-icon et-waypoint et_pb_animation_top et_pb_animation_top_tablet et_pb_animation_top_phone\">\ue100<\/span><\/span><\/div><div class=\"et_pb_blurb_container\"><h4 class=\"et_pb_module_header\">Sprawy Rentowe<\/h4><div class=\"et_pb_blurb_description\"><p>&nbsp;<\/p>\n<p>Profesjonalne wsparcie w procesie ubiegania si\u0119 o renty z tytu\u0142u niezdolno\u015bci do pracy oraz renty rodzinne.<\/p>\n<ul>\n<li style=\"list-style-type: none;\">\n<ul>\n<li>Odwo\u0142ania od decyzji orzecznik\u00f3w<\/li>\n<li>Renty szkoleniowe i socjalne<\/li>\n<li>Kompletowanie dokumentacji medycznej<\/li>\n<\/ul>\n<\/li>\n<\/ul>\n<\/div><\/div><\/div><\/div>\n<\/div>\n\n<div class=\"et_pb_column_8 et_pb_column et_pb_column_1_3 et-last-child et_block_column et_pb_css_mix_blend_mode_passthrough\">\n<div class=\"et_pb_blurb_2 et_pb_blurb et_pb_bg_layout_light et_pb_blurb_position_top et_pb_module et_block_module preset--module--divi-blurb--default\"><div class=\"et_pb_blurb_content\"><div class=\"et_pb_main_blurb_image\"><span class=\"et_pb_image_wrap\"><span class=\"et-pb-icon et-waypoint et_pb_animation_top et_pb_animation_top_tablet et_pb_animation_top_phone\">\uf0e3<\/span><\/span><\/div><div class=\"et_pb_blurb_container\"><h4 class=\"et_pb_module_header\">Wsparcie Prawne<\/h4><div class=\"et_pb_blurb_description\"><p>&nbsp;<\/p>\n<p>Reprezentacja przed organami administracji oraz doradztwo w zakresie prawa pracy i ubezpiecze\u0144 spo\u0142ecznych.<\/p>\n<ul>\n<li style=\"list-style-type: none;\">\n<ul>\n<li>Analiza um\u00f3w<\/li>\n<li>Spory z ubezpieczycielem<\/li>\n<li>Porady z zakresu kodeksu karnego<\/li>\n<\/ul>\n<\/li>\n<\/ul>\n<\/div><\/div><\/div><\/div>\n<\/div>\n<\/div>\n<\/div>\n\n<div class=\"et_pb_section_3 et_pb_section et_section_regular et_flex_section\" id=\"kontakt\">\n<div class=\"et_pb_row_4 et_pb_row et_flex_row\">\n<div class=\"et_pb_column_9 et_pb_column et-last-child et_flex_column et_pb_css_mix_blend_mode_passthrough et_flex_column_24_24 et_flex_column_24_24_tablet et_flex_column_24_24_phone\">\n<div class=\"et_pb_heading_2 et_pb_heading et_pb_module et_block_module preset--module--divi-heading--f917eebf-914a-4a91-9434-c19454b5d92a\"><div class=\"et_pb_heading_container\"><h1 class=\"et_pb_module_header\">Skontaktuj si\u0119 z nami<\/h1><\/div><\/div>\n\n<div class=\"et_pb_text_2 et_pb_text et_pb_bg_layout_dark et_pb_module et_block_module preset--module--divi-text--default\"><div class=\"et_pb_text_inner\"><p>Masz pytania? Nasz zesp\u00f3\u0142 jest do Twojej dyspozycji.<\/p>\n<p><span class=\"et-pb-icon\" style=\"font-size: 16px; color: #c0392b;\">\ue010<\/span> Email:<span>\u00a0<\/span><span style=\"color: #c0392b;\"><a href=\"mailto:kasia_studzianek@o2.pl\" class=\"contact-link\" style=\"color: #c0392b;\">kasia_studzianek@o2.pl<\/a><\/span><\/p>\n<p><span class=\"et-pb-icon\" style=\"font-size: 16px; color: #c0392b;\">\ue090<\/span> Telefon:<span>\u00a0<\/span><span style=\"color: #c0392b;\"><a href=\"tel:+48601576442\" class=\"contact-link\" style=\"color: #c0392b;\">601 576 442<\/a><\/span><\/p>\n<p><span class=\"et-pb-icon\" style=\"font-size: 16px; color: #c0392b;\">\ue081<\/span> Biuro: 62-065 Grodzisk Wlkp., ul. Zb\u0105szy\u0144ska 4<\/p>\n<\/div><\/div>\n\n<div class=\"et_pb_module et_pb_button_module_wrapper et_pb_button_2_wrapper preset--module--divi-button--f173470d-28b3-4d03-985e-7ec25fd379d9_wrapper\"><a class=\"et_pb_button_2 et_pb_button et_pb_bg_layout_light et_pb_module et_block_module preset--module--divi-button--f173470d-28b3-4d03-985e-7ec25fd379d9\" href=\"https:\/\/www.facebook.com\/profile.php?id=61568458087706\">Znajd\u017a nas na Facebooku<\/a><\/div>\n\n<div class=\"et_pb_image_2 et_pb_image et_pb_module et_flex_module\"><span class=\"et_pb_image_wrap\"><img loading=\"lazy\" decoding=\"async\" src=\"https:\/\/katarzynastudzianek.pl\/wp-content\/uploads\/2026\/02\/logo32a.png\" title=\"logo32a\" width=\"640\" height=\"640\" srcset=\"https:\/\/katarzynastudzianek.pl\/wp-content\/uploads\/2026\/02\/logo32a.png 640w, https:\/\/katarzynastudzianek.pl\/wp-content\/uploads\/2026\/02\/logo32a-480x480.png 480w\" sizes=\"(min-width: 0px) and (max-width: 480px) 480px, (min-width: 481px) 640px, 100vw\" class=\"wp-image-46\" \/><\/span><\/div>\n<\/div>\n<\/div>\n<\/div>\n\n<div class=\"et_pb_section_4 et_pb_section et_section_regular et_flex_section\">\n<div class=\"et_pb_row_5 et_pb_row et_flex_row\">\n<div class=\"et_pb_column_10 et_pb_column et-last-child et_flex_column et_pb_css_mix_blend_mode_passthrough et_flex_column_24_24 et_flex_column_24_24_tablet et_flex_column_24_24_phone\">\n<div class=\"et_pb_text_3 et_pb_text et_pb_bg_layout_light et_pb_module et_flex_module\"><div class=\"et_pb_text_inner\"><p><span>\u00a9 2026 ksdoradztwo - Wszelkie prawa zastrze\u017cone.<\/span><\/p>\n<\/div><\/div>\n<\/div>\n<\/div>\n<\/div>\n\n\n\n\n\n\n\n\n\n","protected":false},"excerpt":{"rendered":"","protected":false},"author":1,"featured_media":0,"parent":0,"menu_order":0,"comment_status":"closed","ping_status":"closed","template":"page-template-blank.php","meta":{"footnotes":""},"class_list":["post-9","page","type-page","status-publish","hentry"],"_links":{"self":[{"href":"https:\/\/katarzynastudzianek.pl\/index.php\/wp-json\/wp\/v2\/pages\/9","targetHints":{"allow":["GET"]}}],"collection":[{"href":"https:\/\/katarzynastudzianek.pl\/index.php\/wp-json\/wp\/v2\/pages"}],"about":[{"href":"https:\/\/katarzynastudzianek.pl\/index.php\/wp-json\/wp\/v2\/types\/page"}],"author":[{"embeddable":true,"href":"https:\/\/katarzynastudzianek.pl\/index.php\/wp-json\/wp\/v2\/users\/1"}],"replies":[{"embeddable":true,"href":"https:\/\/katarzynastudzianek.pl\/index.php\/wp-json\/wp\/v2\/comments?post=9"}],"version-history":[{"count":32,"href":"https:\/\/katarzynastudzianek.pl\/index.php\/wp-json\/wp\/v2\/pages\/9\/revisions"}],"predecessor-version":[{"id":82,"href":"https:\/\/katarzynastudzianek.pl\/index.php\/wp-json\/wp\/v2\/pages\/9\/revisions\/82"}],"wp:attachment":[{"href":"https:\/\/katarzynastudzianek.pl\/index.php\/wp-json\/wp\/v2\/media?parent=9"}],"curies":[{"name":"wp","href":"https:\/\/api.w.org\/{rel}","templated":true}]}}